{"id":370,"date":"2024-09-12T06:55:27","date_gmt":"2024-09-12T06:55:27","guid":{"rendered":"https:\/\/prod.mjs.gov.mg\/?page_id=370"},"modified":"2024-09-19T11:15:29","modified_gmt":"2024-09-19T11:15:29","slug":"mot-du-ministre","status":"publish","type":"page","link":"https:\/\/prod.mjs.gov.mg\/?page_id=370","title":{"rendered":"Mot du Ministre"},"content":{"rendered":"[et_pb_section fb_built=\u00a0\u00bb1&Prime; _builder_version=\u00a0\u00bb4.27.0&Prime; _module_preset=\u00a0\u00bbdefault\u00a0\u00bb use_background_color_gradient=\u00a0\u00bbon\u00a0\u00bb background_color_gradient_direction=\u00a0\u00bb65deg\u00a0\u00bb background_color_gradient_stops=\u00a0\u00bb#13136b 31%|rgba(255,255,255,0.24) 65%\u00a0\u00bb background_color_gradient_overlays_image=\u00a0\u00bbon\u00a0\u00bb background_image=\u00a0\u00bbhttps:\/\/prod.mjs.gov.mg\/wp-content\/uploads\/2024\/09\/Ministre_1.jpg\u00a0\u00bb width=\u00a0\u00bb1920px\u00a0\u00bb min_height=\u00a0\u00bb490px\u00a0\u00bb custom_margin=\u00a0\u00bb204px||||false|false\u00a0\u00bb hover_enabled=\u00a0\u00bb0&Prime; global_colors_info=\u00a0\u00bb{}\u00a0\u00bb sticky_enabled=\u00a0\u00bb0&Prime;][et_pb_row _builder_version=\u00a0\u00bb4.27.0&Prime; _module_preset=\u00a0\u00bbdefault\u00a0\u00bb width=\u00a0\u00bb100%\u00a0\u00bb max_width=\u00a0\u00bb80%\u00a0\u00bb global_colors_info=\u00a0\u00bb{}\u00a0\u00bb][et_pb_column type=\u00a0\u00bb4_4&Prime; _builder_version=\u00a0\u00bb4.27.0&Prime; _module_preset=\u00a0\u00bbdefault\u00a0\u00bb global_colors_info=\u00a0\u00bb{}\u00a0\u00bb][et_pb_text _builder_version=\u00a0\u00bb4.27.0&Prime; _module_preset=\u00a0\u00bbdefault\u00a0\u00bb text_text_color=\u00a0\u00bb#ffffff\u00a0\u00bb text_font_size=\u00a0\u00bb26px\u00a0\u00bb text_line_height=\u00a0\u00bb2em\u00a0\u00bb header_font=\u00a0\u00bb|600||on|||||\u00a0\u00bb header_text_color=\u00a0\u00bb#ffffff\u00a0\u00bb header_font_size=\u00a0\u00bb45px\u00a0\u00bb header_line_height=\u00a0\u00bb1.8em\u00a0\u00bb width=\u00a0\u00bb38%\u00a0\u00bb custom_margin=\u00a0\u00bb|||35px|false|false\u00a0\u00bb custom_margin_tablet=\u00a0\u00bb|||35px|false|false\u00a0\u00bb custom_margin_phone=\u00a0\u00bb|||20px|false|false\u00a0\u00bb custom_margin_last_edited=\u00a0\u00bbon|tablet\u00a0\u00bb locked=\u00a0\u00bboff\u00a0\u00bb global_colors_info=\u00a0\u00bb{}\u00a0\u00bb]\n<h1><span>Mot du Ministre<\/span><\/h1>\n[\/et_pb_text][et_pb_text _builder_version=\u00a0\u00bb4.27.0&Prime; _module_preset=\u00a0\u00bbdefault\u00a0\u00bb text_text_color=\u00a0\u00bb#ffffff\u00a0\u00bb text_font_size=\u00a0\u00bb26px\u00a0\u00bb text_line_height=\u00a0\u00bb2em\u00a0\u00bb header_font=\u00a0\u00bb|600|||||||\u00a0\u00bb header_text_color=\u00a0\u00bb#ffffff\u00a0\u00bb header_line_height=\u00a0\u00bb1.8em\u00a0\u00bb header_2_font=\u00a0\u00bb|600|||||||\u00a0\u00bb header_2_text_color=\u00a0\u00bb#ffffff\u00a0\u00bb header_2_line_height=\u00a0\u00bb1.8em\u00a0\u00bb width=\u00a0\u00bb38%\u00a0\u00bb custom_margin=\u00a0\u00bb|||35px|false|false\u00a0\u00bb custom_margin_tablet=\u00a0\u00bb|||35px|false|false\u00a0\u00bb custom_margin_phone=\u00a0\u00bb|||20px|false|false\u00a0\u00bb custom_margin_last_edited=\u00a0\u00bbon|tablet\u00a0\u00bb locked=\u00a0\u00bboff\u00a0\u00bb global_colors_info=\u00a0\u00bb{}\u00a0\u00bb]\n<h2><span>\u00a0\u00bb Le pr\u00e9sent site web, reflet de notre engagement envers la jeunesse, le sport et le d\u00e9veloppement du pays. \u00ab\u00a0<\/span><\/h2>\n[\/et_pb_text][\/et_pb_column][\/et_pb_row][\/et_pb_section][et_pb_section fb_built=\u00a0\u00bb1&Prime; disabled_on=\u00a0\u00bboff|off|off\u00a0\u00bb _builder_version=\u00a0\u00bb4.27.0&Prime; _module_preset=\u00a0\u00bbdefault\u00a0\u00bb custom_margin=\u00a0\u00bb||||false|false\u00a0\u00bb locked=\u00a0\u00bboff\u00a0\u00bb global_colors_info=\u00a0\u00bb{}\u00a0\u00bb][et_pb_row column_structure=\u00a0\u00bb2_5,3_5&Prime; _builder_version=\u00a0\u00bb4.27.0&Prime; _module_preset=\u00a0\u00bbdefault\u00a0\u00bb width=\u00a0\u00bb100%\u00a0\u00bb max_width=\u00a0\u00bb80%\u00a0\u00bb box_shadow_style=\u00a0\u00bbpreset1&Prime; global_colors_info=\u00a0\u00bb{}\u00a0\u00bb][et_pb_column type=\u00a0\u00bb2_5&Prime; _builder_version=\u00a0\u00bb4.27.0&Prime; _module_preset=\u00a0\u00bbdefault\u00a0\u00bb global_colors_info=\u00a0\u00bb{}\u00a0\u00bb][et_pb_image src=\u00a0\u00bbhttps:\/\/prod.mjs.gov.mg\/wp-content\/uploads\/2024\/09\/Ministre.webp\u00a0\u00bb align=\u00a0\u00bbcenter\u00a0\u00bb _builder_version=\u00a0\u00bb4.27.0&Prime; _module_preset=\u00a0\u00bbdefault\u00a0\u00bb global_colors_info=\u00a0\u00bb{}\u00a0\u00bb][\/et_pb_image][\/et_pb_column][et_pb_column type=\u00a0\u00bb3_5&Prime; _builder_version=\u00a0\u00bb4.27.0&Prime; _module_preset=\u00a0\u00bbdefault\u00a0\u00bb custom_padding=\u00a0\u00bb|30px|||false|false\u00a0\u00bb global_colors_info=\u00a0\u00bb{}\u00a0\u00bb][et_pb_text _builder_version=\u00a0\u00bb4.27.0&Prime; _module_preset=\u00a0\u00bbdefault\u00a0\u00bb text_font=\u00a0\u00bb|700|||||||\u00a0\u00bb text_text_color=\u00a0\u00bb#000000&Prime; header_2_font=\u00a0\u00bb|600|||||||\u00a0\u00bb header_2_font_size=\u00a0\u00bb20px\u00a0\u00bb custom_padding=\u00a0\u00bb|||0px|false|false\u00a0\u00bb custom_padding_tablet=\u00a0\u00bb|||20px|false|false\u00a0\u00bb custom_padding_phone=\u00a0\u00bb|||30px|false|false\u00a0\u00bb custom_padding_last_edited=\u00a0\u00bbon|desktop\u00a0\u00bb border_width_bottom=\u00a0\u00bb2px\u00a0\u00bb border_color_bottom=\u00a0\u00bb#d2d2d2&Prime; global_colors_info=\u00a0\u00bb{}\u00a0\u00bb]\n<div class=\"elementor-element elementor-element-fdb0075 elementor-widget elementor-widget-heading\" data-id=\"fdb0075\" data-element_type=\"widget\" data-widget_type=\"heading.default\">\n<div class=\"elementor-widget-container\">\n<h2 class=\"elementor-heading-title elementor-size-default\">LE MINIST\u00c8RE DE LA JEUNESSE &amp; DES SPORTS<\/h2>\n<\/div>\n<\/div>\n<div class=\"elementor-element elementor-element-e32e8a9 elementor-widget elementor-widget-heading\" data-id=\"e32e8a9\" data-element_type=\"widget\" data-widget_type=\"heading.default\">\n<div class=\"elementor-widget-container\"><\/div>\n<\/div>\n[\/et_pb_text][et_pb_text _builder_version=\u00a0\u00bb4.27.0&Prime; _module_preset=\u00a0\u00bbdefault\u00a0\u00bb header_font=\u00a0\u00bb|700|||||||\u00a0\u00bb header_font_size=\u00a0\u00bb36px\u00a0\u00bb custom_padding=\u00a0\u00bb|||0px|false|false\u00a0\u00bb custom_padding_tablet=\u00a0\u00bb|||20px|false|false\u00a0\u00bb custom_padding_phone=\u00a0\u00bb|||30px|false|false\u00a0\u00bb custom_padding_last_edited=\u00a0\u00bbon|desktop\u00a0\u00bb global_colors_info=\u00a0\u00bb{}\u00a0\u00bb]\n<h1>Mot du Ministre<\/h1>\n[\/et_pb_text][et_pb_text _builder_version=\u00a0\u00bb4.27.0&Prime; _module_preset=\u00a0\u00bbdefault\u00a0\u00bb custom_margin_tablet=\u00a0\u00bb\u00a0\u00bb custom_margin_phone=\u00a0\u00bb\u00a0\u00bb custom_margin_last_edited=\u00a0\u00bbon|phone\u00a0\u00bb custom_padding_tablet=\u00a0\u00bb|||40px|false|false\u00a0\u00bb custom_padding_phone=\u00a0\u00bb|||30px|false|false\u00a0\u00bb custom_padding_last_edited=\u00a0\u00bbon|desktop\u00a0\u00bb global_colors_info=\u00a0\u00bb{}\u00a0\u00bb]\n<p>Chers visiteurs,<\/p>\n<p>Je vous souhaite la bienvenue sur le site web du Minist\u00e8re de la Jeunesse et des Sports de Madagascar, reflet de notre engagement envers la jeunesse, le sport et le d\u00e9veloppement du pays. En accord avec la Politique G\u00e9n\u00e9rale de l\u2019\u00c9tat sous la haute direction de Son Excellence Monsieur le Pr\u00e9sident de la R\u00e9publique, Andry RAJOELINA, et de Son Excellence Monsieur le Premier Ministre Christian NTSAY, nous nous engageons \u00e0 d\u00e9velopper les ressources humaines, promouvoir l\u2019industrie et la transformation \u00e9conomique, et assurer une bonne gouvernance dans toutes nos actions.<\/p>\n<p>Le Minist\u00e8re de la Jeunesse et des Sports s\u2019articule autour de trois axes majeurs :<\/p>\n<p>Notre ambition est de faire de Madagascar une grande nation sportive \u00e9mergente \u00e0 l\u2019horizon 2028. Nous concentrons nos efforts sur la formation des athl\u00e8tes, l\u2019appui aux f\u00e9d\u00e9rations sportives et la modernisation des infrastructures. Des gymnases, stades et piscines olympiques conformes aux normes internationales sont en cours de construction, pour permettre \u00e0 Madagascar de briller sur la sc\u00e8ne africaine et mondiale dans plusieurs disciplines sportives.<\/p>\n<p>Le d\u00e9veloppement de la jeunesse est au c\u0153ur de nos priorit\u00e9s. Nous \u0153uvrons \u00e0 cr\u00e9er un cadre favorable pour la formation, l\u2019insertion socio-\u00e9conomique et l\u2019engagement civique des jeunes dans le d\u00e9veloppement de notre nation. Nous mettons en place des programmes qui visent \u00e0 renforcer les comp\u00e9tences et \u00e0 cr\u00e9er des opportunit\u00e9s d\u2019emploi pour les jeunes, tout en les prot\u00e9geant des fl\u00e9aux sociaux qui freinent leur \u00e9panouissement.<\/p>\n<p>Notre minist\u00e8re s\u2019engage \u00e0 renforcer la gouvernance et la transparence dans la gestion des ressources publiques. Nous aspirons \u00e0 devenir une administration exemplaire dans la r\u00e9gion de l\u2019Oc\u00e9an Indien, en mettant en \u0153uvre des strat\u00e9gies de bonne gouvernance et en \u00e9tablissant des partenariats public-priv\u00e9 pour favoriser le d\u00e9veloppement des infrastructures sportives et de la jeunesse.<\/p>\n<p>Ces objectifs, bien que ambitieux, sont atteignables gr\u00e2ce \u00e0 l\u2019engagement de tous. Ce site est un outil de communication et de transparence, afin que chacun puisse suivre les \u00e9volutions de nos projets, proposer des id\u00e9es, et s\u2019impliquer activement dans le d\u00e9veloppement du sport et de la jeunesse.<\/p>\n<p>Je vous souhaite une excellente navigation, et que nos actions contribuent \u00e0 l\u2019\u00e9panouissement de la jeunesse MALAGASY et au rayonnement sportif de notre nation.<\/p>\n<p>Que Dieu b\u00e9nisse Madagascar.<\/p>\n<p>Le Ministre de la Jeunesse et des Sports<\/p>\n<p>Abdulah MARSON MOUSTAPHA<\/p>\n[\/et_pb_text][\/et_pb_column][\/et_pb_row][\/et_pb_section]\n","protected":false},"excerpt":{"rendered":"<p>Mot du Ministre\u00a0\u00bb Le pr\u00e9sent site web, reflet de notre engagement envers la jeunesse, le sport et le d\u00e9veloppement du pays. \u00a0\u00bb LE MINIST\u00c8RE DE LA JEUNESSE &amp; DES SPORTS Mot du MinistreChers visiteurs, Je vous souhaite la bienvenue sur le site web du Minist\u00e8re de la Jeunesse et des Sports de Madagascar, reflet de [&hellip;]<\/p>\n","protected":false},"author":1,"featured_media":0,"parent":0,"menu_order":0,"comment_status":"closed","ping_status":"closed","template":"","meta":{"_acf_changed":false,"_et_pb_use_builder":"on","_et_pb_old_content":"","_et_gb_content_width":"","footnotes":""},"class_list":["post-370","page","type-page","status-publish","hentry"],"acf":[],"yoast_head":"<!-- This site is optimized with the Yoast SEO plugin v23.4 - https:\/\/yoast.com\/wordpress\/plugins\/seo\/ -->\n<title>Mot du Ministre - MJS<\/title>\n<meta name=\"robots\" content=\"index, follow, max-snippet:-1, max-image-preview:large, max-video-preview:-1\" \/>\n<link rel=\"canonical\" href=\"https:\/\/prod.mjs.gov.mg\/?page_id=370\" \/>\n<meta property=\"og:locale\" content=\"fr_FR\" \/>\n<meta property=\"og:type\" content=\"article\" \/>\n<meta property=\"og:title\" content=\"Mot du Ministre - MJS\" \/>\n<meta property=\"og:description\" content=\"Mot du Ministre&quot; Le pr\u00e9sent site web, reflet de notre engagement envers la jeunesse, le sport et le d\u00e9veloppement du pays. &quot; LE MINIST\u00c8RE DE LA JEUNESSE &amp; DES SPORTS Mot du MinistreChers visiteurs, Je vous souhaite la bienvenue sur le site web du Minist\u00e8re de la Jeunesse et des Sports de Madagascar, reflet de [&hellip;]\" \/>\n<meta property=\"og:url\" content=\"https:\/\/prod.mjs.gov.mg\/?page_id=370\" \/>\n<meta property=\"og:site_name\" content=\"MJS\" \/>\n<meta property=\"article:modified_time\" content=\"2024-09-19T11:15:29+00:00\" \/>\n<meta name=\"twitter:card\" content=\"summary_large_image\" \/>\n<meta name=\"twitter:label1\" content=\"Dur\u00e9e de lecture estim\u00e9e\" \/>\n\t<meta name=\"twitter:data1\" content=\"3 minutes\" \/>\n<script type=\"application\/ld+json\" class=\"yoast-schema-graph\">{\"@context\":\"https:\/\/schema.org\",\"@graph\":[{\"@type\":\"WebPage\",\"@id\":\"https:\/\/prod.mjs.gov.mg\/?page_id=370\",\"url\":\"https:\/\/prod.mjs.gov.mg\/?page_id=370\",\"name\":\"Mot du Ministre - MJS\",\"isPartOf\":{\"@id\":\"https:\/\/prod.mjs.gov.mg\/#website\"},\"datePublished\":\"2024-09-12T06:55:27+00:00\",\"dateModified\":\"2024-09-19T11:15:29+00:00\",\"breadcrumb\":{\"@id\":\"https:\/\/prod.mjs.gov.mg\/?page_id=370#breadcrumb\"},\"inLanguage\":\"fr-FR\",\"potentialAction\":[{\"@type\":\"ReadAction\",\"target\":[\"https:\/\/prod.mjs.gov.mg\/?page_id=370\"]}]},{\"@type\":\"BreadcrumbList\",\"@id\":\"https:\/\/prod.mjs.gov.mg\/?page_id=370#breadcrumb\",\"itemListElement\":[{\"@type\":\"ListItem\",\"position\":1,\"name\":\"Accueil\",\"item\":\"https:\/\/prod.mjs.gov.mg\/\"},{\"@type\":\"ListItem\",\"position\":2,\"name\":\"Mot du Ministre\"}]},{\"@type\":\"WebSite\",\"@id\":\"https:\/\/prod.mjs.gov.mg\/#website\",\"url\":\"https:\/\/prod.mjs.gov.mg\/\",\"name\":\"MJS\",\"description\":\"MINIST\u00c8RE DE LA JEUNESSE ET DES SPORTS\",\"potentialAction\":[{\"@type\":\"SearchAction\",\"target\":{\"@type\":\"EntryPoint\",\"urlTemplate\":\"https:\/\/prod.mjs.gov.mg\/?s={search_term_string}\"},\"query-input\":{\"@type\":\"PropertyValueSpecification\",\"valueRequired\":true,\"valueName\":\"search_term_string\"}}],\"inLanguage\":\"fr-FR\"}]}<\/script>\n<!-- \/ Yoast SEO plugin. -->","yoast_head_json":{"title":"Mot du Ministre - MJS","robots":{"index":"index","follow":"follow","max-snippet":"max-snippet:-1","max-image-preview":"max-image-preview:large","max-video-preview":"max-video-preview:-1"},"canonical":"https:\/\/prod.mjs.gov.mg\/?page_id=370","og_locale":"fr_FR","og_type":"article","og_title":"Mot du Ministre - MJS","og_description":"Mot du Ministre\" Le pr\u00e9sent site web, reflet de notre engagement envers la jeunesse, le sport et le d\u00e9veloppement du pays. \" LE MINIST\u00c8RE DE LA JEUNESSE &amp; DES SPORTS Mot du MinistreChers visiteurs, Je vous souhaite la bienvenue sur le site web du Minist\u00e8re de la Jeunesse et des Sports de Madagascar, reflet de [&hellip;]","og_url":"https:\/\/prod.mjs.gov.mg\/?page_id=370","og_site_name":"MJS","article_modified_time":"2024-09-19T11:15:29+00:00","twitter_card":"summary_large_image","twitter_misc":{"Dur\u00e9e de lecture estim\u00e9e":"3 minutes"},"schema":{"@context":"https:\/\/schema.org","@graph":[{"@type":"WebPage","@id":"https:\/\/prod.mjs.gov.mg\/?page_id=370","url":"https:\/\/prod.mjs.gov.mg\/?page_id=370","name":"Mot du Ministre - MJS","isPartOf":{"@id":"https:\/\/prod.mjs.gov.mg\/#website"},"datePublished":"2024-09-12T06:55:27+00:00","dateModified":"2024-09-19T11:15:29+00:00","breadcrumb":{"@id":"https:\/\/prod.mjs.gov.mg\/?page_id=370#breadcrumb"},"inLanguage":"fr-FR","potentialAction":[{"@type":"ReadAction","target":["https:\/\/prod.mjs.gov.mg\/?page_id=370"]}]},{"@type":"BreadcrumbList","@id":"https:\/\/prod.mjs.gov.mg\/?page_id=370#breadcrumb","itemListElement":[{"@type":"ListItem","position":1,"name":"Accueil","item":"https:\/\/prod.mjs.gov.mg\/"},{"@type":"ListItem","position":2,"name":"Mot du Ministre"}]},{"@type":"WebSite","@id":"https:\/\/prod.mjs.gov.mg\/#website","url":"https:\/\/prod.mjs.gov.mg\/","name":"MJS","description":"MINIST\u00c8RE DE LA JEUNESSE ET DES SPORTS","potentialAction":[{"@type":"SearchAction","target":{"@type":"EntryPoint","urlTemplate":"https:\/\/prod.mjs.gov.mg\/?s={search_term_string}"},"query-input":{"@type":"PropertyValueSpecification","valueRequired":true,"valueName":"search_term_string"}}],"inLanguage":"fr-FR"}]}},"_links":{"self":[{"href":"https:\/\/prod.mjs.gov.mg\/index.php?rest_route=\/wp\/v2\/pages\/370","targetHints":{"allow":["GET"]}}],"collection":[{"href":"https:\/\/prod.mjs.gov.mg\/index.php?rest_route=\/wp\/v2\/pages"}],"about":[{"href":"https:\/\/prod.mjs.gov.mg\/index.php?rest_route=\/wp\/v2\/types\/page"}],"author":[{"embeddable":true,"href":"https:\/\/prod.mjs.gov.mg\/index.php?rest_route=\/wp\/v2\/users\/1"}],"replies":[{"embeddable":true,"href":"https:\/\/prod.mjs.gov.mg\/index.php?rest_route=%2Fwp%2Fv2%2Fcomments&post=370"}],"version-history":[{"count":8,"href":"https:\/\/prod.mjs.gov.mg\/index.php?rest_route=\/wp\/v2\/pages\/370\/revisions"}],"predecessor-version":[{"id":781,"href":"https:\/\/prod.mjs.gov.mg\/index.php?rest_route=\/wp\/v2\/pages\/370\/revisions\/781"}],"wp:attachment":[{"href":"https:\/\/prod.mjs.gov.mg\/index.php?rest_route=%2Fwp%2Fv2%2Fmedia&parent=370"}],"curies":[{"name":"wp","href":"https:\/\/api.w.org\/{rel}","templated":true}]}}